{"id":2,"date":"2025-10-06T23:56:06","date_gmt":"2025-10-06T21:56:06","guid":{"rendered":"http:\/\/corfrutfresh.com\/?page_id=2"},"modified":"2025-12-05T15:16:13","modified_gmt":"2025-12-05T14:16:13","slug":"pagina-ejemplo","status":"publish","type":"page","link":"https:\/\/corfrutfresh.com\/","title":{"rendered":"P\u00e1gina de ejemplo"},"content":{"rendered":"\t\t<div data-elementor-type=\"wp-page\" data-elementor-id=\"2\" class=\"elementor elementor-2\" data-elementor-post-type=\"page\">\n\t\t\t\t<div class=\"elementor-element elementor-element-e7d87f5 e-con-full e-flex e-con e-parent\" data-id=\"e7d87f5\" data-element_type=\"container\" data-settings=\"{&quot;background_background&quot;:&quot;classic&quot;}\">\n\t\t<div class=\"elementor-element elementor-element-086bcc4 e-con-full e-flex e-con e-child\" data-id=\"086bcc4\" data-element_type=\"container\">\n\t\t<div class=\"elementor-element elementor-element-2a07ea7 e-con-full e-flex e-con e-child\" data-id=\"2a07ea7\" data-element_type=\"container\">\n\t\t<div class=\"elementor-element elementor-element-cfa1fd2 e-con-full e-flex e-con e-child\" data-id=\"cfa1fd2\" data-element_type=\"container\">\n\t\t\t\t<\/div>\n\t\t<div class=\"elementor-element elementor-element-9e4e815 e-con-full e-flex e-con e-child\" data-id=\"9e4e815\" data-element_type=\"container\" data-settings=\"{&quot;background_background&quot;:&quot;classic&quot;}\">\n\t\t\t\t<div class=\"elementor-element elementor-element-3ca885b elementor-widget elementor-widget-heading\" data-id=\"3ca885b\" data-element_type=\"widget\" data-widget_type=\"heading.default\">\n\t\t\t\t\t<h2 class=\"elementor-heading-title elementor-size-default\">We pack and Export<\/h2>\t\t\t\t<\/div>\n\t\t\t\t<\/div>\n\t\t\t\t<div class=\"elementor-element elementor-element-ce3d6ce elementor-align-left elementor-icon-list--layout-traditional elementor-list-item-link-full_width elementor-widget elementor-widget-icon-list\" data-id=\"ce3d6ce\" data-element_type=\"widget\" data-widget_type=\"icon-list.default\">\n\t\t\t\t\t\t\t<ul class=\"elementor-icon-list-items\">\n\t\t\t\t\t\t\t<li class=\"elementor-icon-list-item\">\n\t\t\t\t\t\t\t\t\t\t\t<span class=\"elementor-icon-list-icon\">\n\t\t\t\t\t\t\t<svg aria-hidden=\"true\" class=\"e-font-icon-svg e-fas-check\" viewBox=\"0 0 512 512\" xmlns=\"http:\/\/www.w3.org\/2000\/svg\"><path d=\"M173.898 439.404l-166.4-166.4c-9.997-9.997-9.997-26.206 0-36.204l36.203-36.204c9.997-9.998 26.207-9.998 36.204 0L192 312.69 432.095 72.596c9.997-9.997 26.207-9.997 36.204 0l36.203 36.204c9.997 9.997 9.997 26.206 0 36.204l-294.4 294.401c-9.998 9.997-26.207 9.997-36.204-.001z\"><\/path><\/svg>\t\t\t\t\t\t<\/span>\n\t\t\t\t\t\t\t\t\t\t<span class=\"elementor-icon-list-text\">GRAPES<\/span>\n\t\t\t\t\t\t\t\t\t<\/li>\n\t\t\t\t\t\t\t\t<li class=\"elementor-icon-list-item\">\n\t\t\t\t\t\t\t\t\t\t\t<span class=\"elementor-icon-list-icon\">\n\t\t\t\t\t\t\t<svg aria-hidden=\"true\" class=\"e-font-icon-svg e-fas-check\" viewBox=\"0 0 512 512\" xmlns=\"http:\/\/www.w3.org\/2000\/svg\"><path d=\"M173.898 439.404l-166.4-166.4c-9.997-9.997-9.997-26.206 0-36.204l36.203-36.204c9.997-9.998 26.207-9.998 36.204 0L192 312.69 432.095 72.596c9.997-9.997 26.207-9.997 36.204 0l36.203 36.204c9.997 9.997 9.997 26.206 0 36.204l-294.4 294.401c-9.998 9.997-26.207 9.997-36.204-.001z\"><\/path><\/svg>\t\t\t\t\t\t<\/span>\n\t\t\t\t\t\t\t\t\t\t<span class=\"elementor-icon-list-text\">CITRUS<\/span>\n\t\t\t\t\t\t\t\t\t<\/li>\n\t\t\t\t\t\t\t\t<li class=\"elementor-icon-list-item\">\n\t\t\t\t\t\t\t\t\t\t\t<span class=\"elementor-icon-list-icon\">\n\t\t\t\t\t\t\t<svg aria-hidden=\"true\" class=\"e-font-icon-svg e-fas-check\" viewBox=\"0 0 512 512\" xmlns=\"http:\/\/www.w3.org\/2000\/svg\"><path d=\"M173.898 439.404l-166.4-166.4c-9.997-9.997-9.997-26.206 0-36.204l36.203-36.204c9.997-9.998 26.207-9.998 36.204 0L192 312.69 432.095 72.596c9.997-9.997 26.207-9.997 36.204 0l36.203 36.204c9.997 9.997 9.997 26.206 0 36.204l-294.4 294.401c-9.998 9.997-26.207 9.997-36.204-.001z\"><\/path><\/svg>\t\t\t\t\t\t<\/span>\n\t\t\t\t\t\t\t\t\t\t<span class=\"elementor-icon-list-text\">BERRIES<\/span>\n\t\t\t\t\t\t\t\t\t<\/li>\n\t\t\t\t\t\t\t\t<li class=\"elementor-icon-list-item\">\n\t\t\t\t\t\t\t\t\t\t\t<span class=\"elementor-icon-list-icon\">\n\t\t\t\t\t\t\t<svg aria-hidden=\"true\" class=\"e-font-icon-svg e-fas-check\" viewBox=\"0 0 512 512\" xmlns=\"http:\/\/www.w3.org\/2000\/svg\"><path d=\"M173.898 439.404l-166.4-166.4c-9.997-9.997-9.997-26.206 0-36.204l36.203-36.204c9.997-9.998 26.207-9.998 36.204 0L192 312.69 432.095 72.596c9.997-9.997 26.207-9.997 36.204 0l36.203 36.204c9.997 9.997 9.997 26.206 0 36.204l-294.4 294.401c-9.998 9.997-26.207 9.997-36.204-.001z\"><\/path><\/svg>\t\t\t\t\t\t<\/span>\n\t\t\t\t\t\t\t\t\t\t<span class=\"elementor-icon-list-text\">AVOCADO<\/span>\n\t\t\t\t\t\t\t\t\t<\/li>\n\t\t\t\t\t\t\t\t<li class=\"elementor-icon-list-item\">\n\t\t\t\t\t\t\t\t\t\t\t<span class=\"elementor-icon-list-icon\">\n\t\t\t\t\t\t\t<svg aria-hidden=\"true\" class=\"e-font-icon-svg e-fas-check\" viewBox=\"0 0 512 512\" xmlns=\"http:\/\/www.w3.org\/2000\/svg\"><path d=\"M173.898 439.404l-166.4-166.4c-9.997-9.997-9.997-26.206 0-36.204l36.203-36.204c9.997-9.998 26.207-9.998 36.204 0L192 312.69 432.095 72.596c9.997-9.997 26.207-9.997 36.204 0l36.203 36.204c9.997 9.997 9.997 26.206 0 36.204l-294.4 294.401c-9.998 9.997-26.207 9.997-36.204-.001z\"><\/path><\/svg>\t\t\t\t\t\t<\/span>\n\t\t\t\t\t\t\t\t\t\t<span class=\"elementor-icon-list-text\">GINGER<\/span>\n\t\t\t\t\t\t\t\t\t<\/li>\n\t\t\t\t\t\t\t\t<li class=\"elementor-icon-list-item\">\n\t\t\t\t\t\t\t\t\t\t\t<span class=\"elementor-icon-list-icon\">\n\t\t\t\t\t\t\t<svg aria-hidden=\"true\" class=\"e-font-icon-svg e-fas-check\" viewBox=\"0 0 512 512\" xmlns=\"http:\/\/www.w3.org\/2000\/svg\"><path d=\"M173.898 439.404l-166.4-166.4c-9.997-9.997-9.997-26.206 0-36.204l36.203-36.204c9.997-9.998 26.207-9.998 36.204 0L192 312.69 432.095 72.596c9.997-9.997 26.207-9.997 36.204 0l36.203 36.204c9.997 9.997 9.997 26.206 0 36.204l-294.4 294.401c-9.998 9.997-26.207 9.997-36.204-.001z\"><\/path><\/svg>\t\t\t\t\t\t<\/span>\n\t\t\t\t\t\t\t\t\t\t<span class=\"elementor-icon-list-text\">MANGO<\/span>\n\t\t\t\t\t\t\t\t\t<\/li>\n\t\t\t\t\t\t\t\t<li class=\"elementor-icon-list-item\">\n\t\t\t\t\t\t\t\t\t\t<span class=\"elementor-icon-list-text\">...And munch more!<\/span>\n\t\t\t\t\t\t\t\t\t<\/li>\n\t\t\t\t\t\t<\/ul>\n\t\t\t\t\t\t<\/div>\n\t\t\t\t<\/div>\n\t\t<div class=\"elementor-element elementor-element-bf7facd e-con-full e-flex e-con e-child\" data-id=\"bf7facd\" data-element_type=\"container\">\n\t\t\t\t<div class=\"elementor-element elementor-element-ef44027 elementor-view-default elementor-widget elementor-widget-icon\" data-id=\"ef44027\" data-element_type=\"widget\" data-widget_type=\"icon.default\">\n\t\t\t\t\t\t\t<div class=\"elementor-icon-wrapper\">\n\t\t\t<div class=\"elementor-icon elementor-animation-pulse-grow\">\n\t\t\t<svg xmlns=\"http:\/\/www.w3.org\/2000\/svg\" xmlns:xlink=\"http:\/\/www.w3.org\/1999\/xlink\" id=\"Capa_2\" data-name=\"Capa 2\" viewBox=\"0 0 298.56 353.88\"><defs><style>      .cls-1 {        clip-path: url(#clippath-6);      }      .cls-2 {        clip-path: url(#clippath-7);      }      .cls-3 {        clip-path: url(#clippath-4);      }      .cls-4, .cls-5, .cls-6 {        fill: #fff;      }      .cls-5 {        fill-rule: evenodd;      }      .cls-7 {        clip-path: url(#clippath-1);      }      .cls-8 {        clip-path: url(#clippath-5);      }      .cls-9 {        clip-path: url(#clippath-8);      }      .cls-10 {        clip-path: url(#clippath-3);      }      .cls-6 {        clip-rule: evenodd;      }      .cls-11 {        clip-path: url(#clippath-2);      }      .cls-12 {        clip-path: url(#clippath);      }    <\/style><clipPath id=\"clippath\"><path class=\"cls-6\" d=\"M238.16,271.22c2.04-2.89,3.87-5.94,5.48-9.12h54.89c-14.47,52.9-62.87,91.79-120.36,91.79-68.92,0-124.78-55.87-124.78-124.78,0-11.3,1.51-22.25,4.33-32.66-.96,14.78-.4,31.78,4.78,45.08,11.62,29.89,31.96,42.76,50.23,54.8,17.39,11.46,90.86,30.45,125.44-25.1\"><\/path><\/clipPath><clipPath id=\"clippath-1\"><path class=\"cls-6\" d=\"M238.16,271.22c2.04-2.89,3.87-5.94,5.48-9.12h34.53c-17.67,41.27-58.65,70.18-106.38,70.18-63.89,0-115.67-51.79-115.67-115.67,0-6.36.52-12.59,1.51-18.67-.83,14.42-.13,30.73,4.87,43.59,11.62,29.89,31.96,42.76,50.23,54.8,17.39,11.46,90.86,30.45,125.44-25.1\"><\/path><\/clipPath><clipPath id=\"clippath-2\"><path class=\"cls-6\" d=\"M178.16,104.32c57.54,0,105.96,38.94,120.39,91.91h-54.86c-12.05-23.97-36.87-40.43-65.53-40.43-40.48,0-73.3,32.82-73.3,73.3s30.84,71.29,69.61,73.21l-.11.12c-92.68-1.27-111.09-70.14-106.01-111.72,2.37-19.43,11.74-36.57,21.05-49.31,22.62-22.89,54.03-37.08,88.75-37.08\"><\/path><\/clipPath><clipPath id=\"clippath-3\"><path class=\"cls-6\" d=\"M178.16,104.32c57.54,0,105.96,38.94,120.39,91.91h-54.86c-12.05-23.97-36.87-40.43-65.53-40.43-40.48,0-73.3,32.82-73.3,73.3s30.84,71.29,69.61,73.21l-.11.12c-92.68-1.27-111.09-70.14-106.01-111.72,2.37-19.43,11.74-36.57,21.05-49.31,22.62-22.89,54.03-37.08,88.75-37.08\"><\/path><\/clipPath><clipPath id=\"clippath-4\"><path class=\"cls-6\" d=\"M158.41,299.71c5.15,1.44,10.52,2.33,16.06,2.6l-.11.12c-3.06-.04-6.04-.16-8.94-.35-2.37-.72-4.71-1.51-7.01-2.38M178.16,104.32c57.54,0,105.96,38.94,120.39,91.91h-54.86c-12.05-23.97-36.87-40.43-65.53-40.43-40.48,0-73.3,32.82-73.3,73.3,0,20.95,8.79,39.85,22.89,53.21-26.16-20.8-42.93-52.9-42.93-88.92,0-24.67,7.87-47.5,21.23-66.12,20.36-14.45,45.25-22.95,72.12-22.95Z\"><\/path><\/clipPath><clipPath id=\"clippath-5\"><path class=\"cls-6\" d=\"M58.56,179.86s-1.81-42.35,55.64-71.73C171.66,78.75,179.76,54.14,183.62,0c0,0-10.33,25.04-39.74,33.17-29.41,8.13-68.83,14.79-78.83,74.19,0,0,16.16-28.65,47.88-37.63,0,0-52.51,28.17-54.37,110.13\"><\/path><\/clipPath><clipPath id=\"clippath-6\"><path class=\"cls-6\" d=\"M183.26,4.8c.12-1.57.24-3.17.36-4.8,0,0-10.33,25.04-39.74,33.17-27.46,7.59-63.65,13.9-76.47,63.08,2.3-.37,4.58-.79,6.83-1.27,7.89-8.9,20.81-20.2,38.68-25.26,0,0-11.67,6.26-24.19,21.46,42.76-13.51,77.36-45.4,94.53-86.4\"><\/path><\/clipPath><clipPath id=\"clippath-7\"><path class=\"cls-6\" d=\"M51.73,148.12s7.69-33.69-5.24-55.87C33.55,70.08,11.34,53.86,12.65,26.67c0,0-43.56,91.61,30.96,128.06,0,0-3.28-32.35-15.13-53.46,0,0,18.53,28.81,23.25,46.86\"><\/path><\/clipPath><clipPath id=\"clippath-8\"><path class=\"cls-6\" d=\"M53.82,119.55c-.55-9.13-2.51-19.01-7.33-27.29C33.55,70.08,11.34,53.86,12.65,26.67c0,0-11.09,23.34-12.5,51.14,7.13,14.85,18.94,27.03,33.52,34.63-1.51-3.9-3.23-7.69-5.19-11.17,0,0,3.26,5.07,7.39,12.28,5.63,2.71,11.65,4.74,17.95,6\"><\/path><\/clipPath><\/defs><g id=\"Capa_1-2\" data-name=\"Capa 1\"><g><g><path class=\"cls-5\" d=\"M238.16,271.22c2.04-2.89,3.87-5.94,5.48-9.12h54.89c-14.47,52.9-62.87,91.79-120.36,91.79-68.92,0-124.78-55.87-124.78-124.78,0-11.3,1.51-22.25,4.33-32.66-.96,14.78-.4,31.78,4.78,45.08,11.62,29.89,31.96,42.76,50.23,54.8,17.39,11.46,90.86,30.45,125.44-25.1\"><\/path><g class=\"cls-12\"><rect class=\"cls-4\" x=\"53.38\" y=\"196.44\" width=\"245.14\" height=\"157.45\"><\/rect><\/g><\/g><g><path class=\"cls-5\" d=\"M238.16,271.22c2.04-2.89,3.87-5.94,5.48-9.12h34.53c-17.67,41.27-58.65,70.18-106.38,70.18-63.89,0-115.67-51.79-115.67-115.67,0-6.36.52-12.59,1.51-18.67-.83,14.42-.13,30.73,4.87,43.59,11.62,29.89,31.96,42.76,50.23,54.8,17.39,11.46,90.86,30.45,125.44-25.1\"><\/path><g class=\"cls-7\"><rect class=\"cls-4\" x=\"56.11\" y=\"197.93\" width=\"222.05\" height=\"134.34\"><\/rect><\/g><\/g><g><path class=\"cls-5\" d=\"M178.16,104.32c57.54,0,105.96,38.94,120.39,91.91h-54.86c-12.05-23.97-36.87-40.43-65.53-40.43-40.48,0-73.3,32.82-73.3,73.3s30.84,71.29,69.61,73.21l-.11.12c-92.68-1.27-111.09-70.14-106.01-111.72,2.37-19.43,11.74-36.57,21.05-49.31,22.62-22.89,54.03-37.08,88.75-37.08\"><\/path><g class=\"cls-11\"><rect class=\"cls-4\" x=\"63.28\" y=\"104.32\" width=\"235.28\" height=\"198.12\"><\/rect><\/g><\/g><g><path class=\"cls-5\" d=\"M178.16,104.32c57.54,0,105.96,38.94,120.39,91.91h-54.86c-12.05-23.97-36.87-40.43-65.53-40.43-40.48,0-73.3,32.82-73.3,73.3s30.84,71.29,69.61,73.21l-.11.12c-92.68-1.27-111.09-70.14-106.01-111.72,2.37-19.43,11.74-36.57,21.05-49.31,22.62-22.89,54.03-37.08,88.75-37.08\"><\/path><g class=\"cls-10\"><g><path class=\"cls-5\" d=\"M158.41,299.71c5.15,1.44,10.52,2.33,16.06,2.6l-.11.12c-3.06-.04-6.04-.16-8.94-.35-2.37-.72-4.71-1.51-7.01-2.38M178.16,104.32c57.54,0,105.96,38.94,120.39,91.91h-54.86c-12.05-23.97-36.87-40.43-65.53-40.43-40.48,0-73.3,32.82-73.3,73.3,0,20.95,8.79,39.85,22.89,53.21-26.16-20.8-42.93-52.9-42.93-88.92,0-24.67,7.87-47.5,21.23-66.12,20.36-14.45,45.25-22.95,72.12-22.95Z\"><\/path><g class=\"cls-3\"><rect class=\"cls-4\" x=\"84.82\" y=\"104.32\" width=\"213.74\" height=\"198.12\"><\/rect><\/g><\/g><\/g><\/g><g><path class=\"cls-5\" d=\"M58.56,179.86s-1.81-42.35,55.64-71.73C171.66,78.75,179.76,54.14,183.62,0c0,0-10.33,25.04-39.74,33.17-29.41,8.13-68.83,14.79-78.83,74.19,0,0,16.16-28.65,47.88-37.63,0,0-52.51,28.17-54.37,110.13\"><\/path><g class=\"cls-8\"><rect class=\"cls-4\" x=\"56.75\" width=\"126.87\" height=\"179.86\"><\/rect><\/g><\/g><g><path class=\"cls-5\" d=\"M183.26,4.8c.12-1.57.24-3.17.36-4.8,0,0-10.33,25.04-39.74,33.17-27.46,7.59-63.65,13.9-76.47,63.08,2.3-.37,4.58-.79,6.83-1.27,7.89-8.9,20.81-20.2,38.68-25.26,0,0-11.67,6.26-24.19,21.46,42.76-13.51,77.36-45.4,94.53-86.4\"><\/path><g class=\"cls-1\"><rect class=\"cls-4\" x=\"67.41\" y=\"0\" width=\"116.21\" height=\"96.26\"><\/rect><\/g><\/g><g><path class=\"cls-5\" d=\"M51.73,148.12s7.69-33.69-5.24-55.87C33.55,70.08,11.34,53.86,12.65,26.67c0,0-43.56,91.61,30.96,128.06,0,0-3.28-32.35-15.13-53.46,0,0,18.53,28.81,23.25,46.86\"><\/path><g class=\"cls-2\"><rect class=\"cls-4\" x=\"-30.91\" y=\"26.67\" width=\"90.32\" height=\"128.06\"><\/rect><\/g><\/g><g><path class=\"cls-5\" d=\"M53.82,119.55c-.55-9.13-2.51-19.01-7.33-27.29C33.55,70.08,11.34,53.86,12.65,26.67c0,0-11.09,23.34-12.5,51.14,7.13,14.85,18.94,27.03,33.52,34.63-1.51-3.9-3.23-7.69-5.19-11.17,0,0,3.26,5.07,7.39,12.28,5.63,2.71,11.65,4.74,17.95,6\"><\/path><g class=\"cls-9\"><rect class=\"cls-4\" x=\".15\" y=\"26.67\" width=\"53.67\" height=\"92.88\"><\/rect><\/g><\/g><\/g><\/g><\/svg>\t\t\t<\/div>\n\t\t<\/div>\n\t\t\t\t\t\t<\/div>\n\t\t\t\t<div class=\"elementor-element elementor-element-85e49d6 elementor-widget elementor-widget-text-editor\" data-id=\"85e49d6\" data-element_type=\"widget\" data-widget_type=\"text-editor.default\">\n\t\t\t\t\t\t\t\t\t<p>CORFRUT<\/p>\t\t\t\t\t\t\t\t<\/div>\n\t\t\t\t<div class=\"elementor-element elementor-element-451159a elementor-widget__width-initial elementor-widget elementor-widget-text-editor\" data-id=\"451159a\" data-element_type=\"widget\" data-widget_type=\"text-editor.default\">\n\t\t\t\t\t\t\t\t\t<p>Corporaci\u00f3n Frut\u00edcola Andes S.A.C.<\/p>\t\t\t\t\t\t\t\t<\/div>\n\t\t\t\t<div class=\"elementor-element elementor-element-bde7f5b elementor-widget elementor-widget-text-editor\" data-id=\"bde7f5b\" data-element_type=\"widget\" data-widget_type=\"text-editor.default\">\n\t\t\t\t\t\t\t\t\t<p><strong data-start=\"501\" data-end=\"528\">Solo una peque\u00f1a pausa.<br \/><\/strong> Estamos trabajando para brindarte un mejor servicio.<\/p>\t\t\t\t\t\t\t\t<\/div>\n\t\t\t\t<div class=\"elementor-element elementor-element-77ed9a6 elementor-widget__width-initial elementor-widget elementor-widget-text-editor\" data-id=\"77ed9a6\" data-element_type=\"widget\" data-widget_type=\"text-editor.default\">\n\t\t\t\t\t\t\t\t\t<p>Under Construction &#8211; Great Things Are Coming Soon!<\/p>\t\t\t\t\t\t\t\t<\/div>\n\t\t\t\t<\/div>\n\t\t<div class=\"elementor-element elementor-element-04df895 e-con-full e-flex e-con e-child\" data-id=\"04df895\" data-element_type=\"container\">\n\t\t<div class=\"elementor-element elementor-element-cc86429 e-con-full e-flex e-con e-child\" data-id=\"cc86429\" data-element_type=\"container\">\n\t\t<div class=\"elementor-element elementor-element-6aef11f e-con-full e-flex e-con e-child\" data-id=\"6aef11f\" data-element_type=\"container\">\n\t\t\t\t<\/div>\n\t\t<div class=\"elementor-element elementor-element-31287f2 e-con-full e-flex e-con e-child\" data-id=\"31287f2\" data-element_type=\"container\" data-settings=\"{&quot;background_background&quot;:&quot;classic&quot;}\">\n\t\t\t\t<div class=\"elementor-element elementor-element-f6d5035 elementor-widget elementor-widget-heading\" data-id=\"f6d5035\" data-element_type=\"widget\" data-widget_type=\"heading.default\">\n\t\t\t\t\t<h2 class=\"elementor-heading-title elementor-size-default\">Empacamos y Exportamos<\/h2>\t\t\t\t<\/div>\n\t\t\t\t<\/div>\n\t\t\t\t<div class=\"elementor-element elementor-element-582e2d3 elementor-align-left elementor-icon-list--layout-traditional elementor-list-item-link-full_width elementor-widget elementor-widget-icon-list\" data-id=\"582e2d3\" data-element_type=\"widget\" data-widget_type=\"icon-list.default\">\n\t\t\t\t\t\t\t<ul class=\"elementor-icon-list-items\">\n\t\t\t\t\t\t\t<li class=\"elementor-icon-list-item\">\n\t\t\t\t\t\t\t\t\t\t\t<span class=\"elementor-icon-list-icon\">\n\t\t\t\t\t\t\t<svg aria-hidden=\"true\" class=\"e-font-icon-svg e-fas-check\" viewBox=\"0 0 512 512\" xmlns=\"http:\/\/www.w3.org\/2000\/svg\"><path d=\"M173.898 439.404l-166.4-166.4c-9.997-9.997-9.997-26.206 0-36.204l36.203-36.204c9.997-9.998 26.207-9.998 36.204 0L192 312.69 432.095 72.596c9.997-9.997 26.207-9.997 36.204 0l36.203 36.204c9.997 9.997 9.997 26.206 0 36.204l-294.4 294.401c-9.998 9.997-26.207 9.997-36.204-.001z\"><\/path><\/svg>\t\t\t\t\t\t<\/span>\n\t\t\t\t\t\t\t\t\t\t<span class=\"elementor-icon-list-text\">UVAS<\/span>\n\t\t\t\t\t\t\t\t\t<\/li>\n\t\t\t\t\t\t\t\t<li class=\"elementor-icon-list-item\">\n\t\t\t\t\t\t\t\t\t\t\t<span class=\"elementor-icon-list-icon\">\n\t\t\t\t\t\t\t<svg aria-hidden=\"true\" class=\"e-font-icon-svg e-fas-check\" viewBox=\"0 0 512 512\" xmlns=\"http:\/\/www.w3.org\/2000\/svg\"><path d=\"M173.898 439.404l-166.4-166.4c-9.997-9.997-9.997-26.206 0-36.204l36.203-36.204c9.997-9.998 26.207-9.998 36.204 0L192 312.69 432.095 72.596c9.997-9.997 26.207-9.997 36.204 0l36.203 36.204c9.997 9.997 9.997 26.206 0 36.204l-294.4 294.401c-9.998 9.997-26.207 9.997-36.204-.001z\"><\/path><\/svg>\t\t\t\t\t\t<\/span>\n\t\t\t\t\t\t\t\t\t\t<span class=\"elementor-icon-list-text\">C\u00cdTRICOS<\/span>\n\t\t\t\t\t\t\t\t\t<\/li>\n\t\t\t\t\t\t\t\t<li class=\"elementor-icon-list-item\">\n\t\t\t\t\t\t\t\t\t\t\t<span class=\"elementor-icon-list-icon\">\n\t\t\t\t\t\t\t<svg aria-hidden=\"true\" class=\"e-font-icon-svg e-fas-check\" viewBox=\"0 0 512 512\" xmlns=\"http:\/\/www.w3.org\/2000\/svg\"><path d=\"M173.898 439.404l-166.4-166.4c-9.997-9.997-9.997-26.206 0-36.204l36.203-36.204c9.997-9.998 26.207-9.998 36.204 0L192 312.69 432.095 72.596c9.997-9.997 26.207-9.997 36.204 0l36.203 36.204c9.997 9.997 9.997 26.206 0 36.204l-294.4 294.401c-9.998 9.997-26.207 9.997-36.204-.001z\"><\/path><\/svg>\t\t\t\t\t\t<\/span>\n\t\t\t\t\t\t\t\t\t\t<span class=\"elementor-icon-list-text\">AR\u00c1NDANOS<\/span>\n\t\t\t\t\t\t\t\t\t<\/li>\n\t\t\t\t\t\t\t\t<li class=\"elementor-icon-list-item\">\n\t\t\t\t\t\t\t\t\t\t\t<span class=\"elementor-icon-list-icon\">\n\t\t\t\t\t\t\t<svg aria-hidden=\"true\" class=\"e-font-icon-svg e-fas-check\" viewBox=\"0 0 512 512\" xmlns=\"http:\/\/www.w3.org\/2000\/svg\"><path d=\"M173.898 439.404l-166.4-166.4c-9.997-9.997-9.997-26.206 0-36.204l36.203-36.204c9.997-9.998 26.207-9.998 36.204 0L192 312.69 432.095 72.596c9.997-9.997 26.207-9.997 36.204 0l36.203 36.204c9.997 9.997 9.997 26.206 0 36.204l-294.4 294.401c-9.998 9.997-26.207 9.997-36.204-.001z\"><\/path><\/svg>\t\t\t\t\t\t<\/span>\n\t\t\t\t\t\t\t\t\t\t<span class=\"elementor-icon-list-text\">AGUACATE\/PALTA<\/span>\n\t\t\t\t\t\t\t\t\t<\/li>\n\t\t\t\t\t\t\t\t<li class=\"elementor-icon-list-item\">\n\t\t\t\t\t\t\t\t\t\t\t<span class=\"elementor-icon-list-icon\">\n\t\t\t\t\t\t\t<svg aria-hidden=\"true\" class=\"e-font-icon-svg e-fas-check\" viewBox=\"0 0 512 512\" xmlns=\"http:\/\/www.w3.org\/2000\/svg\"><path d=\"M173.898 439.404l-166.4-166.4c-9.997-9.997-9.997-26.206 0-36.204l36.203-36.204c9.997-9.998 26.207-9.998 36.204 0L192 312.69 432.095 72.596c9.997-9.997 26.207-9.997 36.204 0l36.203 36.204c9.997 9.997 9.997 26.206 0 36.204l-294.4 294.401c-9.998 9.997-26.207 9.997-36.204-.001z\"><\/path><\/svg>\t\t\t\t\t\t<\/span>\n\t\t\t\t\t\t\t\t\t\t<span class=\"elementor-icon-list-text\">JENGIBRE<\/span>\n\t\t\t\t\t\t\t\t\t<\/li>\n\t\t\t\t\t\t\t\t<li class=\"elementor-icon-list-item\">\n\t\t\t\t\t\t\t\t\t\t\t<span class=\"elementor-icon-list-icon\">\n\t\t\t\t\t\t\t<svg aria-hidden=\"true\" class=\"e-font-icon-svg e-fas-check\" viewBox=\"0 0 512 512\" xmlns=\"http:\/\/www.w3.org\/2000\/svg\"><path d=\"M173.898 439.404l-166.4-166.4c-9.997-9.997-9.997-26.206 0-36.204l36.203-36.204c9.997-9.998 26.207-9.998 36.204 0L192 312.69 432.095 72.596c9.997-9.997 26.207-9.997 36.204 0l36.203 36.204c9.997 9.997 9.997 26.206 0 36.204l-294.4 294.401c-9.998 9.997-26.207 9.997-36.204-.001z\"><\/path><\/svg>\t\t\t\t\t\t<\/span>\n\t\t\t\t\t\t\t\t\t\t<span class=\"elementor-icon-list-text\">MANGO<\/span>\n\t\t\t\t\t\t\t\t\t<\/li>\n\t\t\t\t\t\t\t\t<li class=\"elementor-icon-list-item\">\n\t\t\t\t\t\t\t\t\t\t<span class=\"elementor-icon-list-text\">...\u00a1Y mucho m\u00e1s!<\/span>\n\t\t\t\t\t\t\t\t\t<\/li>\n\t\t\t\t\t\t<\/ul>\n\t\t\t\t\t\t<\/div>\n\t\t\t\t<\/div>\n\t\t\t\t<\/div>\n\t\t\t\t<\/div>\n\t\t<div class=\"elementor-element elementor-element-4615fb0 e-con-full e-flex e-con e-child\" data-id=\"4615fb0\" data-element_type=\"container\">\n\t\t\t\t<div class=\"elementor-element elementor-element-cfd6f94 elementor-widget elementor-widget-heading\" data-id=\"cfd6f94\" data-element_type=\"widget\" data-widget_type=\"heading.default\">\n\t\t\t\t\t<h2 class=\"elementor-heading-title elementor-size-default\">Contacta con nosotros<\/h2>\t\t\t\t<\/div>\n\t\t\t\t<div class=\"elementor-element elementor-element-4e885cf elementor-widget elementor-widget-heading\" data-id=\"4e885cf\" data-element_type=\"widget\" data-widget_type=\"heading.default\">\n\t\t\t\t\t<h2 class=\"elementor-heading-title elementor-size-default\">Contact with us<\/h2>\t\t\t\t<\/div>\n\t\t\t\t<\/div>\n\t\t<div class=\"elementor-element elementor-element-e9d257c e-con-full e-flex e-con e-child\" data-id=\"e9d257c\" data-element_type=\"container\">\n\t\t\t\t<div class=\"elementor-element elementor-element-1058321 elementor-button-align-stretch elementor-widget elementor-widget-form\" data-id=\"1058321\" data-element_type=\"widget\" data-settings=\"{&quot;step_next_label&quot;:&quot;Next&quot;,&quot;step_previous_label&quot;:&quot;Previous&quot;,&quot;button_width&quot;:&quot;100&quot;,&quot;step_type&quot;:&quot;number_text&quot;,&quot;step_icon_shape&quot;:&quot;circle&quot;}\" data-widget_type=\"form.default\">\n\t\t\t\t\t\t\t<form class=\"elementor-form\" method=\"post\" name=\"New Form\" aria-label=\"New Form\">\n\t\t\t<input type=\"hidden\" name=\"post_id\" value=\"2\"\/>\n\t\t\t<input type=\"hidden\" name=\"form_id\" value=\"1058321\"\/>\n\t\t\t<input type=\"hidden\" name=\"referer_title\" value=\"\" \/>\n\n\t\t\t\t\t\t\t<input type=\"hidden\" name=\"queried_id\" value=\"2\"\/>\n\t\t\t\n\t\t\t<div class=\"elementor-form-fields-wrapper elementor-labels-above\">\n\t\t\t\t\t\t\t\t<div class=\"elementor-field-type-email elementor-field-group elementor-column elementor-field-group-email elementor-col-100 elementor-field-required\">\n\t\t\t\t\t\t\t\t\t\t\t\t<label for=\"form-field-email\" class=\"elementor-field-label\">\n\t\t\t\t\t\t\t\tCorreo\t\t\t\t\t\t\t<\/label>\n\t\t\t\t\t\t\t\t\t\t\t\t\t\t<input size=\"1\" type=\"email\" name=\"form_fields[email]\" id=\"form-field-email\" class=\"elementor-field elementor-size-sm  elementor-field-textual\" placeholder=\"Email\" required=\"required\">\n\t\t\t\t\t\t\t\t\t\t\t<\/div>\n\t\t\t\t\t\t\t\t<div class=\"elementor-field-group elementor-column elementor-field-type-submit elementor-col-100 e-form__buttons\">\n\t\t\t\t\t<button class=\"elementor-button elementor-size-sm\" type=\"submit\">\n\t\t\t\t\t\t<span class=\"elementor-button-content-wrapper\">\n\t\t\t\t\t\t\t\t\t\t\t\t\t\t\t\t\t\t\t\t\t\t<span class=\"elementor-button-text\">Contactar \/ Send<\/span>\n\t\t\t\t\t\t\t\t\t\t\t\t\t<\/span>\n\t\t\t\t\t<\/button>\n\t\t\t\t<\/div>\n\t\t\t<\/div>\n\t\t<\/form>\n\t\t\t\t\t\t<\/div>\n\t\t\t\t<div class=\"elementor-element elementor-element-1c9b159 elementor-align-center elementor-widget elementor-widget-button\" data-id=\"1c9b159\" data-element_type=\"widget\" data-widget_type=\"button.default\">\n\t\t\t\t\t\t\t\t\t\t<a class=\"elementor-button elementor-button-link elementor-size-sm\" href=\"https:\/\/wa.me\/51924775464\">\n\t\t\t\t\t\t<span class=\"elementor-button-content-wrapper\">\n\t\t\t\t\t\t<span class=\"elementor-button-icon\">\n\t\t\t\t<svg aria-hidden=\"true\" class=\"e-font-icon-svg e-fab-whatsapp\" viewBox=\"0 0 448 512\" xmlns=\"http:\/\/www.w3.org\/2000\/svg\"><path d=\"M380.9 97.1C339 55.1 283.2 32 223.9 32c-122.4 0-222 99.6-222 222 0 39.1 10.2 77.3 29.6 111L0 480l117.7-30.9c32.4 17.7 68.9 27 106.1 27h.1c122.3 0 224.1-99.6 224.1-222 0-59.3-25.2-115-67.1-157zm-157 341.6c-33.2 0-65.7-8.9-94-25.7l-6.7-4-69.8 18.3L72 359.2l-4.4-7c-18.5-29.4-28.2-63.3-28.2-98.2 0-101.7 82.8-184.5 184.6-184.5 49.3 0 95.6 19.2 130.4 54.1 34.8 34.9 56.2 81.2 56.1 130.5 0 101.8-84.9 184.6-186.6 184.6zm101.2-138.2c-5.5-2.8-32.8-16.2-37.9-18-5.1-1.9-8.8-2.8-12.5 2.8-3.7 5.6-14.3 18-17.6 21.8-3.2 3.7-6.5 4.2-12 1.4-32.6-16.3-54-29.1-75.5-66-5.7-9.8 5.7-9.1 16.3-30.3 1.8-3.7.9-6.9-.5-9.7-1.4-2.8-12.5-30.1-17.1-41.2-4.5-10.8-9.1-9.3-12.5-9.5-3.2-.2-6.9-.2-10.6-.2-3.7 0-9.7 1.4-14.8 6.9-5.1 5.6-19.4 19-19.4 46.3 0 27.3 19.9 53.7 22.6 57.4 2.8 3.7 39.1 59.7 94.8 83.8 35.2 15.2 49 16.5 66.6 13.9 10.7-1.6 32.8-13.4 37.4-26.4 4.6-13 4.6-24.1 3.2-26.4-1.3-2.5-5-3.9-10.5-6.6z\"><\/path><\/svg>\t\t\t<\/span>\n\t\t\t\t\t\t\t\t\t<span class=\"elementor-button-text\">Whatsapp Contact<\/span>\n\t\t\t\t\t<\/span>\n\t\t\t\t\t<\/a>\n\t\t\t\t\t\t\t\t<\/div>\n\t\t\t\t<\/div>\n\t\t\t\t<\/div>\n\t\t\t\t<\/div>\n\t\t","protected":false},"excerpt":{"rendered":"<p>We pack and Export GRAPES CITRUS BERRIES AVOCADO GINGER MANGO &#8230;And munch more! CORFRUT Corporaci\u00f3n Frut\u00edcola Andes S.A.C. Solo una peque\u00f1a pausa. Estamos trabajando para brindarte un mejor servicio. Under Construction &#8211; Great Things Are Coming Soon! Empacamos y Exportamos UVAS C\u00cdTRICOS AR\u00c1NDANOS AGUACATE\/PALTA JENGIBRE MANGO &#8230;\u00a1Y mucho m\u00e1s! Contacta con nosotros Contact with us [&hellip;]<\/p>\n","protected":false},"author":1,"featured_media":0,"parent":0,"menu_order":0,"comment_status":"closed","ping_status":"open","template":"elementor_canvas","meta":{"footnotes":""},"class_list":["post-2","page","type-page","status-publish","hentry"],"_links":{"self":[{"href":"https:\/\/corfrutfresh.com\/index.php?rest_route=\/wp\/v2\/pages\/2","targetHints":{"allow":["GET"]}}],"collection":[{"href":"https:\/\/corfrutfresh.com\/index.php?rest_route=\/wp\/v2\/pages"}],"about":[{"href":"https:\/\/corfrutfresh.com\/index.php?rest_route=\/wp\/v2\/types\/page"}],"author":[{"embeddable":true,"href":"https:\/\/corfrutfresh.com\/index.php?rest_route=\/wp\/v2\/users\/1"}],"replies":[{"embeddable":true,"href":"https:\/\/corfrutfresh.com\/index.php?rest_route=%2Fwp%2Fv2%2Fcomments&post=2"}],"version-history":[{"count":48,"href":"https:\/\/corfrutfresh.com\/index.php?rest_route=\/wp\/v2\/pages\/2\/revisions"}],"predecessor-version":[{"id":74,"href":"https:\/\/corfrutfresh.com\/index.php?rest_route=\/wp\/v2\/pages\/2\/revisions\/74"}],"wp:attachment":[{"href":"https:\/\/corfrutfresh.com\/index.php?rest_route=%2Fwp%2Fv2%2Fmedia&parent=2"}],"curies":[{"name":"wp","href":"https:\/\/api.w.org\/{rel}","templated":true}]}}